{"id":1020,"date":"2025-06-25T18:53:05","date_gmt":"2025-06-25T18:53:05","guid":{"rendered":"https:\/\/web02.hiades.es\/?post_type=product&#038;p=1020"},"modified":"2025-06-25T18:53:06","modified_gmt":"2025-06-25T18:53:06","slug":"vestido-mostarda-e-branco","status":"publish","type":"product","link":"https:\/\/sandravieira.es\/index.php\/pt\/producto\/vestido-mostarda-e-branco\/","title":{"rendered":"Vestido mostarda e branco"},"content":{"rendered":"<p>O nosso guia de tamanhos \u00e9 uma aproxima\u00e7\u00e3o e ir\u00e1 ajud\u00e1-lo a encontrar o seu tamanho. Se j\u00e1 possui um artigo semelhante da nossa marca e est\u00e1 satisfeito com o mesmo, recomendamos que escolha o mesmo tamanho.<\/p>\n","protected":false},"excerpt":{"rendered":"<p class=\"p1\">Cole\u00e7\u00e3o Eleg\u00e2ncia Assim\u00e9trica, que une sofistica\u00e7\u00e3o e inova\u00e7\u00e3o de forma perfeita.<\/p>\n<p class=\"p1\">Uma linha cuidadosamente desenhada, que apresenta cortes e silhuetas assim\u00e9tricas, alinhando a despropor\u00e7\u00e3o de maneira elegante e criando um visual moderno e fluido.<\/p>\n","protected":false},"featured_media":1021,"comment_status":"open","ping_status":"closed","template":"","meta":[],"product_brand":[],"product_cat":[132,114],"product_tag":[340],"class_list":{"0":"post-1020","1":"product","2":"type-product","3":"status-publish","4":"has-post-thumbnail","6":"product_cat-assimetrico","7":"product_cat-vestidos-pt","8":"product_tag-asymmetrical-elegance-pt","10":"first","11":"outofstock","12":"taxable","13":"shipping-taxable","14":"product-type-variable"},"jetpack_sharing_enabled":true,"_links":{"self":[{"href":"https:\/\/sandravieira.es\/index.php\/wp-json\/wp\/v2\/product\/1020","targetHints":{"allow":["GET"]}}],"collection":[{"href":"https:\/\/sandravieira.es\/index.php\/wp-json\/wp\/v2\/product"}],"about":[{"href":"https:\/\/sandravieira.es\/index.php\/wp-json\/wp\/v2\/types\/product"}],"replies":[{"embeddable":true,"href":"https:\/\/sandravieira.es\/index.php\/wp-json\/wp\/v2\/comments?post=1020"}],"wp:featuredmedia":[{"embeddable":true,"href":"https:\/\/sandravieira.es\/index.php\/wp-json\/wp\/v2\/media\/1021"}],"wp:attachment":[{"href":"https:\/\/sandravieira.es\/index.php\/wp-json\/wp\/v2\/media?parent=1020"}],"wp:term":[{"taxonomy":"product_brand","embeddable":true,"href":"https:\/\/sandravieira.es\/index.php\/wp-json\/wp\/v2\/product_brand?post=1020"},{"taxonomy":"product_cat","embeddable":true,"href":"https:\/\/sandravieira.es\/index.php\/wp-json\/wp\/v2\/product_cat?post=1020"},{"taxonomy":"product_tag","embeddable":true,"href":"https:\/\/sandravieira.es\/index.php\/wp-json\/wp\/v2\/product_tag?post=1020"}],"curies":[{"name":"wp","href":"https:\/\/api.w.org\/{rel}","templated":true}]}}