{"id":626,"date":"2025-06-12T15:10:57","date_gmt":"2025-06-12T15:10:57","guid":{"rendered":"https:\/\/web02.hiades.es\/?post_type=product&#038;p=626"},"modified":"2026-04-20T01:05:05","modified_gmt":"2026-04-20T01:05:05","slug":"camisa-verde","status":"publish","type":"product","link":"https:\/\/sandravieira.es\/index.php\/producto\/camisa-verde\/","title":{"rendered":"Camisa verde"},"content":{"rendered":"<p>Nuestra gu\u00eda de tallas es aproximada y te ayudar\u00e1 a encontrar tu talla. Si ya tienes un art\u00edculo similar de nuestra marca y est\u00e1s satisfecho, te recomendamos que elijas la misma talla.<\/p>\n","protected":false},"excerpt":{"rendered":"<p>Nuestra gu\u00eda de tallas es aproximada y te ayudar\u00e1 a encontrar tu talla. Si ya tienes un art\u00edculo similar de nuestra marca y est\u00e1s satisfecho, te<span class=\"excerpt-hellip\"> [\u2026]<\/span><\/p>\n","protected":false},"featured_media":632,"comment_status":"open","ping_status":"closed","template":"","meta":[],"product_brand":[],"product_cat":[74,66],"product_tag":[265],"class_list":{"0":"post-626","1":"product","2":"type-product","3":"status-publish","4":"has-post-thumbnail","6":"product_cat-camisas","7":"product_cat-camisas-y-pantalones-es","8":"product_tag-senses-of-nature-collection","10":"first","11":"instock","12":"purchasable","13":"product-type-variable"},"jetpack_sharing_enabled":true,"_links":{"self":[{"href":"https:\/\/sandravieira.es\/index.php\/wp-json\/wp\/v2\/product\/626","targetHints":{"allow":["GET"]}}],"collection":[{"href":"https:\/\/sandravieira.es\/index.php\/wp-json\/wp\/v2\/product"}],"about":[{"href":"https:\/\/sandravieira.es\/index.php\/wp-json\/wp\/v2\/types\/product"}],"replies":[{"embeddable":true,"href":"https:\/\/sandravieira.es\/index.php\/wp-json\/wp\/v2\/comments?post=626"}],"wp:featuredmedia":[{"embeddable":true,"href":"https:\/\/sandravieira.es\/index.php\/wp-json\/wp\/v2\/media\/632"}],"wp:attachment":[{"href":"https:\/\/sandravieira.es\/index.php\/wp-json\/wp\/v2\/media?parent=626"}],"wp:term":[{"taxonomy":"product_brand","embeddable":true,"href":"https:\/\/sandravieira.es\/index.php\/wp-json\/wp\/v2\/product_brand?post=626"},{"taxonomy":"product_cat","embeddable":true,"href":"https:\/\/sandravieira.es\/index.php\/wp-json\/wp\/v2\/product_cat?post=626"},{"taxonomy":"product_tag","embeddable":true,"href":"https:\/\/sandravieira.es\/index.php\/wp-json\/wp\/v2\/product_tag?post=626"}],"curies":[{"name":"wp","href":"https:\/\/api.w.org\/{rel}","templated":true}]}}